{"id":149,"date":"2024-01-12T10:47:01","date_gmt":"2024-01-12T09:47:01","guid":{"rendered":"https:\/\/brackediakoni.se\/butik\/?page_id=149"},"modified":"2025-03-21T11:20:56","modified_gmt":"2025-03-21T10:20:56","slug":"fragorochsvar","status":"publish","type":"page","link":"https:\/\/brackediakoni.se\/webbshop\/fragorochsvar\/","title":{"rendered":"Fr\u00e5gor och svar"},"content":{"rendered":"<div class=\"wpb-content-wrapper\"><p>[vc_section css=&#8221;.vc_custom_1704974565828{background-image: url(http:\/\/brackediakoni.se\/app\/uploads\/sites\/54\/2024\/01\/hannah-busing-Zyx1bK9mqmA-unsplash-scaled.jpg?id=69) !important;background-position: center !important;background-repeat: no-repeat !important;background-size: cover !important;}&#8221;][vc_row][vc_column][vc_custom_heading text=&#8221;Fr\u00e5gor och svar&#8221; font_container=&#8221;tag:h1|text_align:center|color:%23ffffff&#8221; use_theme_fonts=&#8221;yes&#8221; css=&#8221;.vc_custom_1732779837527{padding-top: 100px !important;padding-bottom: 120px !important;background-position: center !important;background-repeat: no-repeat !important;background-size: cover !important;}&#8221;][\/vc_column][\/vc_row][\/vc_section][vc_section el_class=&#8221;section&#8221;][vc_row][vc_column width=&#8221;2\/3&#8243;][vc_column_text]<\/p>\n<h3><\/h3>\n<p>H\u00e4r har vi samlat svaren p\u00e5 n\u00e5gra vanliga fr\u00e5gor. Hittar du inte svaret p\u00e5 din fr\u00e5ga tveka inte att kontakta oss p\u00e5: <a href=\"mailto:webbshop@brackediakoni.se\">webbshop@brackediakoni.se<\/a>.<\/p>\n<h3><strong><br \/>\nAllm\u00e4nt om best\u00e4llningar<\/strong><\/h3>\n<p><strong>Hur g\u00f6r jag en best\u00e4llning?<\/strong><br \/>\n<strong>Svar:<\/strong> Du v\u00e4ljer de produkter du vill k\u00f6pa och l\u00e4gger dem i varukorgen. N\u00e4r du \u00e4r klar g\u00e5r du till kassan, fyller i dina uppgifter och v\u00e4ljer betalningsmetod.<\/p>\n<h3 class=\"BDbrd-text\"><b><br \/>\nBetalning och fakturering<\/b><\/h3>\n<p class=\"BDbrd-text\"><strong>Vilka betalningsmetoder erbjuder ni?<\/strong><br \/>\n<b>Svar:<\/b> Vi samarbetar med Svea Bank f\u00f6r att erbjuda flera betalningsalternativ. Du kan betala med<strong> kort<\/strong> (VISA, Mastercard och Maestro), <strong>faktura<\/strong>, <strong>bank\u00f6verf\u00f6ring<\/strong> och <strong>Swish<\/strong>. Du kan ocks\u00e5 dela upp din betalning.<\/p>\n<p class=\"BDbrd-text\"><strong>Hur fungerar betalning med faktura eller f\u00f6retagsfaktura?<\/strong><br \/>\n<b>Svar:<\/b> Om du v\u00e4ljer faktura som betalningsmetod skickas den till angiven mailadress<em><strong>. <\/strong><\/em>Fakturans betalningsvillkor \u00e4r 14 dagar. Vid f\u00f6retagsfaktura \u00e4r betalningsvillkoret 30 dagar. Du beh\u00f6ver ange ditt personnummer och identifiera dig med Bank-ID n\u00e4r du handlar med faktura, oavsett om du \u00e4r privatperson eller f\u00f6retagskund. Svea Bank hanterar faktureringen och eventuella fr\u00e5gor kring den.<\/p>\n<p><strong>Varf\u00f6r beh\u00f6ver jag anv\u00e4nda min privata Bank-ID n\u00e4r jag betalar via f\u00f6retagsfaktura?<\/strong><br \/>\n<strong>Svar: <\/strong>F\u00f6r att s\u00e4kerst\u00e4lla att r\u00e4tt person g\u00f6r k\u00f6pet och att betalningen kopplas till r\u00e4tt f\u00f6retag. Bank-ID anv\u00e4nds som en s\u00e4ker verifiering f\u00f6r att skydda b\u00e5de dig och f\u00f6retaget mot bedr\u00e4gerier.<\/p>\n<p class=\"BDbrd-text\"><strong>Kan jag delbetala mitt k\u00f6p?<\/strong><br \/>\n<b>Svar:<\/b> Ja, Svea Bank erbjuder m\u00f6jligheten att delbetala ditt k\u00f6p. N\u00e4r du v\u00e4ljer delbetalning f\u00e5r du flera alternativ f\u00f6r att sprida ut betalningen \u00f6ver tid. R\u00e4nta och avgifter kan tillkomma, och dessa visas tydligt innan du bekr\u00e4ftar k\u00f6pet.<\/p>\n<p class=\"BDbrd-text\"><strong>\u00c4r det s\u00e4kert att betala via Svea Bank?<\/strong><br \/>\n<b>Svar:<\/b> Absolut! Svea Bank anv\u00e4nder h\u00f6gsta s\u00e4kerhetsstandarder och kryptering f\u00f6r att skydda dina uppgifter och betalningar.<\/p>\n<h3 class=\"BDbrd-text\"><b><br \/>\nFrakt och leverans<\/b><\/h3>\n<p class=\"BDbrd-text\"><strong>Hur l\u00e5ng \u00e4r leveranstiden?<\/strong><br \/>\n<b>Svar:<\/b> Vi skickar normalt ut din best\u00e4llning inom en vecka.<\/p>\n<p class=\"BDbrd-text\"><strong>Vad kostar frakten?<\/strong><br \/>\n<b>Svar:<\/b> Fraktkostnaden beror p\u00e5 vikten p\u00e5 din best\u00e4llning. Fraktpriset visas i kassan innan du slutf\u00f6r k\u00f6pet.<\/p>\n<h3 class=\"BDbrd-text\"><b><br \/>\nKontakt\/support<\/b><\/h3>\n<p><strong>Fr\u00e5gor g\u00e4llande best\u00e4llning, produkter eller webbshop:<\/strong> <a href=\"mailto:webbshop@brackediakoni.se\">webbshop@brackediakoni.se<\/a><br \/>\n<strong>Fr\u00e5gor g\u00e4llande betalning: <\/strong><a href=\"https:\/\/www.svea.com\/sv-se\/kontakta-oss\" target=\"_blank\" rel=\"noopener\">Sveas kundservice<\/a>[\/vc_column_text][\/vc_column][vc_column width=&#8221;1\/3&#8243;][\/vc_column][\/vc_row][\/vc_section]<\/p>\n<\/div>","protected":false},"excerpt":{"rendered":"<p>[vc_section css=&#8221;.vc_custom_1704974565828{background-image: url(http:\/\/brackediakoni.se\/app\/uploads\/sites\/54\/2024\/01\/hannah-busing-Zyx1bK9mqmA-unsplash-scaled.jpg?id=69) !important;background-position: center !important;background-repeat: no-repeat !important;background-size: cover !important;}&#8221;][vc_row][vc_column][vc_custom_heading text=&#8221;Fr\u00e5gor och svar&#8221; font_container=&#8221;tag:h1|text_align:center|color:%23ffffff&#8221; use_theme_fonts=&#8221;yes&#8221; css=&#8221;.vc_custom_1732779837527{padding-top: 100px !important;padding-bottom: 120px !important;background-position: center !important;background-repeat: no-repeat !important;background-size: cover !important;}&#8221;][\/vc_column][\/vc_row][\/vc_section][vc_section el_class=&#8221;section&#8221;][vc_row][vc_column width=&#8221;2\/3&#8243;][vc_column_text] H\u00e4r har vi samlat svaren p\u00e5 n\u00e5gra vanliga fr\u00e5gor. Hittar du inte svaret p\u00e5 din fr\u00e5ga tveka inte att kontakta oss p\u00e5: webbshop@brackediakoni.se. Allm\u00e4nt om best\u00e4llningar Hur [&hellip;]<\/p>\n","protected":false},"author":1,"featured_media":0,"parent":0,"menu_order":0,"comment_status":"closed","ping_status":"closed","template":"page-full-width.php","meta":{"_acf_changed":false,"footnotes":""},"class_list":["post-149","page","type-page","status-publish","hentry"],"acf":[],"_links":{"self":[{"href":"https:\/\/brackediakoni.se\/webbshop\/wp-json\/wp\/v2\/pages\/149","targetHints":{"allow":["GET"]}}],"collection":[{"href":"https:\/\/brackediakoni.se\/webbshop\/wp-json\/wp\/v2\/pages"}],"about":[{"href":"https:\/\/brackediakoni.se\/webbshop\/wp-json\/wp\/v2\/types\/page"}],"author":[{"embeddable":true,"href":"https:\/\/brackediakoni.se\/webbshop\/wp-json\/wp\/v2\/users\/1"}],"replies":[{"embeddable":true,"href":"https:\/\/brackediakoni.se\/webbshop\/wp-json\/wp\/v2\/comments?post=149"}],"version-history":[{"count":26,"href":"https:\/\/brackediakoni.se\/webbshop\/wp-json\/wp\/v2\/pages\/149\/revisions"}],"predecessor-version":[{"id":497,"href":"https:\/\/brackediakoni.se\/webbshop\/wp-json\/wp\/v2\/pages\/149\/revisions\/497"}],"wp:attachment":[{"href":"https:\/\/brackediakoni.se\/webbshop\/wp-json\/wp\/v2\/media?parent=149"}],"curies":[{"name":"wp","href":"https:\/\/api.w.org\/{rel}","templated":true}]}}