{"id":158,"date":"2024-01-12T10:50:50","date_gmt":"2024-01-12T09:50:50","guid":{"rendered":"https:\/\/brackediakoni.se\/butik\/?page_id=158"},"modified":"2025-01-29T10:41:04","modified_gmt":"2025-01-29T09:41:04","slug":"allmanna-villkor","status":"publish","type":"page","link":"https:\/\/brackediakoni.se\/webbshop\/allmanna-villkor\/","title":{"rendered":"Allm\u00e4nna villkor"},"content":{"rendered":"<div class=\"wpb-content-wrapper\"><p>[vc_section css=&#8221;.vc_custom_1704974565828{background-image: url(http:\/\/brackediakoni.se\/app\/uploads\/sites\/54\/2024\/01\/hannah-busing-Zyx1bK9mqmA-unsplash-scaled.jpg?id=69) !important;background-position: center !important;background-repeat: no-repeat !important;background-size: cover !important;}&#8221;][vc_row][vc_column][vc_custom_heading text=&#8221;Allm\u00e4nna villkor&#8221; font_container=&#8221;tag:h1|text_align:center|color:%23ffffff&#8221; use_theme_fonts=&#8221;yes&#8221; css=&#8221;.vc_custom_1705053121926{padding-top: 100px !important;padding-bottom: 120px !important;background-position: center !important;background-repeat: no-repeat !important;background-size: cover !important;}&#8221;][\/vc_column][\/vc_row][\/vc_section][vc_section el_class=&#8221;section&#8221;][vc_row][vc_column width=&#8221;2\/3&#8243;][vc_column_text]<\/p>\n<h3>Allm\u00e4nna villkor<\/h3>\n<p>&nbsp;<\/p>\n<h4>Priser och betalning<\/h4>\n<p>Varje vara anges med pris inklusive moms. I kundvagnen kan man se det totala priset inklusive alla avgifter, moms, frakt och betalning. Betalningsvillkor finns angiven i kundvagnen beroende av valt betalningss\u00e4tt eller s\u00e5 hittar du villkoren l\u00e4ngre ner p\u00e5 denna sida.<\/p>\n<p>Fraktvillkor finns angiven i kundvagnen beroende av valt frakts\u00e4tt.<\/p>\n<h4>\u00c5ngerr\u00e4tt<\/h4>\n<p>Din \u00e5ngerr\u00e4tt (\u00e5ngerfristen) g\u00e4ller under 14 dagar. I ditt meddelande till oss m\u00e5ste det klart framg\u00e5 att du \u00e5ngrar dig. \u00c5ngerfristen b\u00f6rjar l\u00f6pa den dag du tog emot varan eller en v\u00e4sentlig del av den.<\/p>\n<p><strong>N\u00e4r du utnyttjat din \u00e5ngerr\u00e4tt:<\/strong><br \/>\nDu \u00e4r skyldig att h\u00e5lla varan i lika gott skick som n\u00e4r du fick den. Du f\u00e5r inte anv\u00e4nda den, men naturligtvis f\u00f6rsiktigt unders\u00f6ka den. Om varan skadas eller kommer bort p\u00e5 grund av att du \u00e4r v\u00e5rdsl\u00f6s f\u00f6rlorar du \u00e5ngerr\u00e4tten.<\/p>\n<h4>Leveranser<\/h4>\n<p><strong>Ej uth\u00e4mtade paket:<\/strong><br \/>\nEj h\u00e4mtade varor returneras till oss. F\u00f6r alla paket som inte l\u00f6ses ut f\u00f6rbeh\u00e5ller vi oss r\u00e4tten att debitera dig kostnader f\u00f6r returfrakt, expeditionsavgift och hanteringsavgift, f\u00f6r n\u00e4rvarande 150:-<\/p>\n<h4>Returer<\/h4>\n<p>Returer sker p\u00e5 din egen bekostnad utom om varan \u00e4r defekt eller om vi har packat fel. Returer ska skickas som brev eller paket, inte mot postf\u00f6rskott. Vid byten betalar vi den nya frakten fr\u00e5n oss till dig.<\/p>\n<p>N\u00e4r du utnyttjat din \u00e5ngerr\u00e4tt ska du s\u00e4nda eller l\u00e4mna tillbaka den till oss.<\/p>\n<p><strong>\u00c5terbetalningsskyldighet:<\/strong><br \/>\nVi ska, om du utnyttjat din \u00e5ngerr\u00e4tt, betala tillbaka vad du har betalat f\u00f6r varan snarast eller senast inom 30 dagar fr\u00e5n den dag d\u00e5 vi tog emot varan eller meddelandet om att du \u00e5ngrat dig. Du f\u00e5r sj\u00e4lv betala returkostnaderna n\u00e4r du s\u00e4nder tillbaka varan. Vi betalar alltid returkostnaden f\u00f6r att s\u00e4nda tillbaka s\u00e5 kallade ers\u00e4ttningsvaror.<\/p>\n<p>Se \u00e4ven konsumentverket och distansavtalslagen, samt EU:s gemensamma tvistl\u00f6sningssida\u00a0<a href=\"http:\/\/ec.europa.eu\/odr\" target=\"_blank\" rel=\"noopener\">http:\/\/ec.europa.eu\/odr<\/a>.<\/p>\n<h4>Personuppgifter<\/h4>\n<p>N\u00e4r du l\u00e4gger din best\u00e4llning hos oss uppger du dina personuppgifter. I samband med din registrering och best\u00e4llning godk\u00e4nner du att vi lagrar och anv\u00e4nder dina uppgifter i v\u00e5r verksamhet f\u00f6r att fullf\u00f6lja avtalet gentemot dig. Du har enligt lag r\u00e4tt att f\u00e5 tillg\u00e5ng till den information som vi har registrerat om dig. Du har r\u00e4tt att f\u00e5 informationen r\u00e4ttad eller raderad. Kontakta oss i s\u00e5 fall via e-post. F\u00f6r mer information om hur vi hanterar personuppgifter se v\u00e5r <a href=\"https:\/\/brackediakoni.se\/integritetspolicy\/\">Integritetspolicy.<\/a><\/p>\n<h4>Cookies<\/h4>\n<p>Denna webbutik anv\u00e4nder sig av cookies enligt Electronic Communications Act, 25 juli 2003. En cookie \u00e4r en liten textfil som lagras p\u00e5 din dator och som inneh\u00e5ller information f\u00f6r att hj\u00e4lpa webbshoppen att identifiera och f\u00f6lja anv\u00e4ndare. Cookies finns som sessionscookies och som cookies som lagras permanent p\u00e5 din dator.<\/p>\n<p>Under tiden f\u00f6r ditt f\u00f6rsta bes\u00f6k i webbshop blir din webbl\u00e4sare tilldelad en sessionscookie som \u00e4r unik och som anv\u00e4nds f\u00f6r att inte blanda ihop dig som anv\u00e4ndare med andra anv\u00e4ndare. F\u00f6r att kunna anv\u00e4nda webbshoppen b\u00f6r du till\u00e5ta cookies i din webbl\u00e4sare. Denna typ av cookie anv\u00e4nds enbart f\u00f6r att ge dig som bes\u00f6kare en b\u00e4ttre upplevelse och support och lagrar inga personliga uppgifter om dig. Cookies kan raderas. I denna webbshop anv\u00e4nds cookies exempelvis f\u00f6r att h\u00e5lla koll p\u00e5 din kundvagn, dina inst\u00e4llningar och vilka sidor du bes\u00f6kt f\u00f6r att kunna ge dig en b\u00e4ttre kundupplevelse och support.<\/p>\n<p>&nbsp;<\/p>\n<h3>Villkor f\u00f6r betalningsalternativ<\/h3>\n<p>&nbsp;<\/p>\n<h4>Villkor f\u00f6r faktura<\/h4>\n<p>Vid betalning via faktura samarbetar vi med Svea Bank AB. F\u00f6r att handla mot faktura m\u00e5ste du ange ditt personnummer eller organisationsnummer. F\u00f6ruts\u00e4ttningen f\u00f6r att f\u00e5 handla mot faktura \u00e4r bland annat att du \u00e4r registrerad i folkbokf\u00f6ringsregistret i Sverige och \u00e4r \u00f6ver 18 \u00e5r. Du f\u00e5r inte ha<br \/>\nn\u00e5gra betalningsanm\u00e4rkningar. Samtliga fakturor \u00e4r av Br\u00e4cke webbshop \u00f6verl\u00e5tna till Svea Bank AB.<\/p>\n<p>Sedvanlig kreditpr\u00f6vning sker efter att personuppgifterna l\u00e4mnats i kassan, i vissa fall inneb\u00e4r detta att en kreditupplysning tas. En kopia p\u00e5 kreditupplysningen kommer i s\u00e5 fall skickas hem till dig.<\/p>\n<p>Fakturans betalningsvillkor \u00e4r 14 dagar. Vid f\u00f6rsenad betalning utg\u00e5r avtalad samt lagstadgad p\u00e5minnelseavgift. Dr\u00f6jsm\u00e5lsr\u00e4nta utg\u00e5r med 2 % per m\u00e5nad. Vid utebliven betalning \u00f6verl\u00e4mnas fakturan till inkasso.<a href=\"https:\/\/cdn.svea.com\/webpay\/sv-SE\/WP_Fakturavillkor.pdf\" target=\"_blank\" rel=\"noopener\"> Fakturavillkor.<\/a><\/p>\n<h4>Villkor f\u00f6r f\u00f6retagsfaktura<\/h4>\n<p><strong>Kreditpr\u00f6vning:<\/strong> Vid ans\u00f6kan om betalning via f\u00f6retagsfaktura genomf\u00f6rs sedvanlig kreditpr\u00f6vning, vilket kan inneb\u00e4ra att en kreditupplysning inh\u00e4mtas.<\/p>\n<p><strong>Betalningsvillkor:<\/strong> F\u00f6rfallodatum och \u00f6vriga villkor f\u00f6r f\u00f6retagsfaktura framg\u00e5r av fakturan. Vid fakturabetalning ska betalningen ha mottagits senast 30 dagar fr\u00e5n fakturadatum (eller det datum som framg\u00e5r av fakturan). Vid dr\u00f6jsm\u00e5l med betalning tillkommer en p\u00e5minnelseavgift om<br \/>\n60 kr samt dr\u00f6jsm\u00e5lsr\u00e4nta om 2 % per m\u00e5nad fr\u00e5n f\u00f6rfallodatum till dess full betalning sker.<\/p>\n<p><strong>\u00d6verl\u00e5telse:<\/strong> Samtliga f\u00f6retagsfakturor kommer att \u00f6verl\u00e5tas till Svea Bank AB, 556158\u20117634 (\u201dSvea Bank\u201d). Alla betalningar med anledning av fakturan ska erl\u00e4ggas till Svea Bank.<\/p>\n<p><strong>GDPR:<\/strong> Vid betalning via f\u00f6retagsfaktura kommer fakturan att \u00f6verl\u00e5tas till Svea Bank AB och vi delar d\u00e5 f\u00f6retagskundens personuppgifter med Svea Bank. Svea Bank \u00e4r personuppgiftsansvarig f\u00f6r de fordringar som vi har \u00f6verl\u00e5tit till Svea Bank. F\u00f6r detaljerad information om Svea Banks behandling av personuppgifter, v\u00e4nligen l\u00e4s vidare i Sveas dataskyddsinformation som finns tillg\u00e4nglig p\u00e5 <a href=\"https:\/\/www.svea.com\/dataskydd\" target=\"_blank\" rel=\"noopener\">https:\/\/www.svea.com\/dataskydd<\/a> eller kontakta Svea via post 169 81 Solna, telefon 08\u2011514 931 13 eller <a href=\"mailto:swp@svea.com\">swp@svea.com<\/a>. Dataskyddsombud n\u00e5s p\u00e5 <a href=\"mailto:privacy@svea.com\">privacy@svea.com<\/a><\/p>\n<h4>Villkor f\u00f6r delbetalning<\/h4>\n<p>Genom v\u00e5rt samarbete med Svea Bank AB kan du teckna ett kontokreditavtal och d\u00e4rmed kunna delbetala ditt k\u00f6p. Kredittiden v\u00e4ljer du genom att kryssa i det kampanjalternativ som passar dig b\u00e4st. K\u00f6pet kan alltid betalas i sin helhet n\u00e4rsomhelst, innan f\u00f6rfallodag.<\/p>\n<p>Sedvanlig kreditpr\u00f6vning sker efter att personuppgifterna l\u00e4mnats i kassan, i vissa fall inneb\u00e4r detta att en kreditupplysning tas. En kopia p\u00e5 kreditupplysningen kommer i s\u00e5 fall skickas hem till dig.<\/p>\n<p>Har du n\u00e5gra fr\u00e5gor s\u00e5 kan du ringa 08 \u2013 514 931 13 f\u00f6r n\u00e4rmare information.<br \/>\nExempel p\u00e5 effektiv r\u00e4nta vid k\u00f6p om 10 000 kr, l\u00f6ptid 12 m\u00e5nader, 0 % r\u00e4nta, uppl\u00e4ggningsavgift 195 kr, aviavgift 29 kr: 10,55%.<\/p>\n<p><a href=\"https:\/\/cdn.svea.com\/webpay\/sv-SE\/WP_SEKKI.pdf\" target=\"_blank\" rel=\"noopener\">Allm\u00e4nna villkor vid delbetalning<\/a><br \/>\n<a href=\"https:\/\/cdn.svea.com\/webpay\/sv-SE\/WP_SEKKI.pdf\" target=\"_blank\" rel=\"noopener\">Standardiserad europeisk konsumentkreditinformation (SEKKI)<\/a><\/p>\n<h4>Villkor f\u00f6r kortbetalning<\/h4>\n<p>Betalning med kort sker enligt g\u00e4llande regler f\u00f6r online- betalning i Sverige och EU. Vi anv\u00e4nder Svea Bank AB hostade PCI-DSS-certifierade kortbetalningsl\u00f6sning.<\/p>\n<p><strong>Vi accepterar f\u00f6ljande kort:<\/strong> Visa, MasterCard, Maestro. Pengarna reserveras p\u00e5 ditt konto vid ordertillf\u00e4llet.<\/p>\n<p>Alla transaktioner skickas via SSL (Secure Sockets Layer) mycket s\u00e4kert krypterade. Inga kortnummer sparas. Vi anv\u00e4nder den senaste s\u00e4kerhetstekniken f\u00f6r kontokortsbetalningar p\u00e5 n\u00e4tet 3D-Secure \u2013 en standard framtagen av VISA och MasterCard med avsikt att p\u00e5 ett s\u00e4kert s\u00e4tt validera konsumenten vid k\u00f6p p\u00e5 n\u00e4tet.[\/vc_column_text][\/vc_column][vc_column width=&#8221;1\/3&#8243;][\/vc_column][\/vc_row][\/vc_section]<\/p>\n<\/div>","protected":false},"excerpt":{"rendered":"<p>[vc_section css=&#8221;.vc_custom_1704974565828{background-image: url(http:\/\/brackediakoni.se\/app\/uploads\/sites\/54\/2024\/01\/hannah-busing-Zyx1bK9mqmA-unsplash-scaled.jpg?id=69) !important;background-position: center !important;background-repeat: no-repeat !important;background-size: cover !important;}&#8221;][vc_row][vc_column][vc_custom_heading text=&#8221;Allm\u00e4nna villkor&#8221; font_container=&#8221;tag:h1|text_align:center|color:%23ffffff&#8221; use_theme_fonts=&#8221;yes&#8221; css=&#8221;.vc_custom_1705053121926{padding-top: 100px !important;padding-bottom: 120px !important;background-position: center !important;background-repeat: no-repeat !important;background-size: cover !important;}&#8221;][\/vc_column][\/vc_row][\/vc_section][vc_section el_class=&#8221;section&#8221;][vc_row][vc_column width=&#8221;2\/3&#8243;][vc_column_text] Allm\u00e4nna villkor &nbsp; Priser och betalning Varje vara anges med pris inklusive moms. I kundvagnen kan man se det totala priset inklusive alla avgifter, moms, frakt och betalning. [&hellip;]<\/p>\n","protected":false},"author":1,"featured_media":0,"parent":0,"menu_order":0,"comment_status":"closed","ping_status":"closed","template":"page-full-width.php","meta":{"_acf_changed":false,"footnotes":""},"class_list":["post-158","page","type-page","status-publish","hentry"],"acf":[],"_links":{"self":[{"href":"https:\/\/brackediakoni.se\/webbshop\/wp-json\/wp\/v2\/pages\/158","targetHints":{"allow":["GET"]}}],"collection":[{"href":"https:\/\/brackediakoni.se\/webbshop\/wp-json\/wp\/v2\/pages"}],"about":[{"href":"https:\/\/brackediakoni.se\/webbshop\/wp-json\/wp\/v2\/types\/page"}],"author":[{"embeddable":true,"href":"https:\/\/brackediakoni.se\/webbshop\/wp-json\/wp\/v2\/users\/1"}],"replies":[{"embeddable":true,"href":"https:\/\/brackediakoni.se\/webbshop\/wp-json\/wp\/v2\/comments?post=158"}],"version-history":[{"count":13,"href":"https:\/\/brackediakoni.se\/webbshop\/wp-json\/wp\/v2\/pages\/158\/revisions"}],"predecessor-version":[{"id":432,"href":"https:\/\/brackediakoni.se\/webbshop\/wp-json\/wp\/v2\/pages\/158\/revisions\/432"}],"wp:attachment":[{"href":"https:\/\/brackediakoni.se\/webbshop\/wp-json\/wp\/v2\/media?parent=158"}],"curies":[{"name":"wp","href":"https:\/\/api.w.org\/{rel}","templated":true}]}}