{"id":52,"date":"2024-01-11T10:38:41","date_gmt":"2024-01-11T09:38:41","guid":{"rendered":"https:\/\/brackediakoni.se\/butik\/wishlist\/"},"modified":"2025-01-29T10:28:01","modified_gmt":"2025-01-29T09:28:01","slug":"om-oss","status":"publish","type":"page","link":"https:\/\/brackediakoni.se\/webbshop\/om-oss\/","title":{"rendered":"Om  oss"},"content":{"rendered":"<h2><strong><br \/>\nV\u00e4lkommen till Br\u00e4cke diakonis webbshop!<br \/>\n<\/strong><\/h2>\n<p><span style=\"font-size: 16px\">Vi \u00e4r s\u00e5 glada att du har hittat hit. H\u00e4r erbjuder vi produkter som \u00e4r framtagna genom v\u00e5rt arbete med sociala innovationer \u2013 id\u00e9er och l\u00f6sningar som g\u00f6r skillnad i m\u00e4nniskors liv.<\/span><\/p>\n<p><strong>Varje produkt \u00e4r framtagen utifr\u00e5n ett behov vi sett och har skapats tillsammans med dem vi finns till f\u00f6r.<\/strong><\/p>\n<p>Alla produkter i webbshoppen \u00e4r framtagna genom Br\u00e4cke diakonis utvecklingsprojekt.<br \/>\nVill du veta mer? <a href=\"https:\/\/brackediakoni.se\/bracke-innovation\/\">Bes\u00f6k g\u00e4rna v\u00e5r hemsida f\u00f6r att l\u00e4sa mer om oss och v\u00e5ra projekt.<\/a><\/p>\n<h4>Vad \u00e4r Br\u00e4cke Innovation?<\/h4>\n<p>Br\u00e4cke Innovation \u00e4r<strong>\u00a0Br\u00e4cke diakonis projekt- och utvecklingsavdelning.<\/strong> Vi arbetar med sociala innovationer och \u00e4r en hubb f\u00f6r nyskapande. H\u00e4r f\u00e5ngar vi upp nya id\u00e9er om hur vi kan f\u00f6rb\u00e4ttra f\u00f6r de vi \u00e4r till f\u00f6r. Vi samarbetar g\u00e4rna kring utvecklingsprojekt b\u00e5de inom och utanf\u00f6r Br\u00e4cke diakoni. Har du sett ett behov, eller vill samarbeta kring en id\u00e9? Tveka inte att h\u00f6ra av dig till oss: innovation@brackediakoni.se<\/p>\n<p>Ett av v\u00e5ra tidigare projekt ledde till <a href=\"https:\/\/brackediakoni.se\/bracke-arbetsintegrering-goteborg\/\">Br\u00e4cke arbetsintegrering<\/a>, en arbetsplats d\u00e4r vi erbjuder arbetstr\u00e4ning, arbetspr\u00f6vning och anst\u00e4llningar med l\u00f6nest\u00f6d. Det \u00e4r ocks\u00e5 Br\u00e4cke arbetsintegrering som hj\u00e4lper oss med att packa och skicka era best\u00e4llningar fr\u00e5n webbshoppen.<\/p>\n<h4><strong>Vad \u00e4r Br\u00e4cke diakoni?<\/strong><\/h4>\n<p>Br\u00e4cke diakoni \u00e4r en id\u00e9buren organisation som arbetar f\u00f6r att g\u00f6ra skillnad i m\u00e4nniskors liv. Organisationen driver verksamheter inom v\u00e5rd, omsorg och rehabilitering, med m\u00e5let att ge st\u00f6d och skapa m\u00f6jligheter f\u00f6r m\u00e4nniskor i olika livssituationer.<\/p>\n<p>Br\u00e4cke diakoni \u00e4r frist\u00e5ende fr\u00e5n staten och kyrkan, men bygger p\u00e5 en l\u00e5ng tradition av diakonalt arbete, d\u00e4r medm\u00e4nsklighet och allas lika v\u00e4rde st\u00e5r i fokus. Verksamheten finns p\u00e5 flera platser i Sverige och erbjuder bland annat \u00e4ldreomsorg, sjukv\u00e5rd, habilitering och st\u00f6d till utsatta grupper.<\/p>\n<p>Allt \u00f6verskott fr\u00e5n verksamheten \u00e5terinvesteras f\u00f6r att utveckla och f\u00f6rb\u00e4ttra st\u00f6det till de m\u00e4nniskor som beh\u00f6ver det mest. Du kan l\u00e4sa mer p\u00e5 <a href=\"http:\/\/www.brackediakoni.se\">Br\u00e4cke diakonis hemsida<\/a>.<\/p>\n<h3><strong>Tack till Wilson Creative!<br \/>\n<\/strong><\/h3>\n<p>Vi vill ocks\u00e5 passa p\u00e5 att tacka <a href=\"https:\/\/www.wilsoncreative.se\/\" target=\"_blank\" rel=\"noopener\">Wilson Creative<\/a>, som hj\u00e4lpt oss att skapa den h\u00e4r webbshopen pro bono. Deras st\u00f6d har varit ov\u00e4rderligt och vi \u00e4r s\u00e5 tacksamma f\u00f6r deras insats!<\/p>\n<p>&nbsp;<\/p>\n<p>&nbsp;<\/p>\n","protected":false},"excerpt":{"rendered":"<p>V\u00e4lkommen till Br\u00e4cke diakonis webbshop! Vi \u00e4r s\u00e5 glada att du har hittat hit. H\u00e4r erbjuder vi produkter som \u00e4r framtagna genom v\u00e5rt arbete med sociala innovationer \u2013 id\u00e9er och l\u00f6sningar som g\u00f6r skillnad i m\u00e4nniskors liv. Varje produkt \u00e4r framtagen utifr\u00e5n ett behov vi sett och har skapats tillsammans med dem vi finns till [&hellip;]<\/p>\n","protected":false},"author":1,"featured_media":0,"parent":0,"menu_order":0,"comment_status":"closed","ping_status":"closed","template":"","meta":{"_acf_changed":false,"footnotes":""},"class_list":["post-52","page","type-page","status-publish","hentry"],"acf":[],"_links":{"self":[{"href":"https:\/\/brackediakoni.se\/webbshop\/wp-json\/wp\/v2\/pages\/52","targetHints":{"allow":["GET"]}}],"collection":[{"href":"https:\/\/brackediakoni.se\/webbshop\/wp-json\/wp\/v2\/pages"}],"about":[{"href":"https:\/\/brackediakoni.se\/webbshop\/wp-json\/wp\/v2\/types\/page"}],"author":[{"embeddable":true,"href":"https:\/\/brackediakoni.se\/webbshop\/wp-json\/wp\/v2\/users\/1"}],"replies":[{"embeddable":true,"href":"https:\/\/brackediakoni.se\/webbshop\/wp-json\/wp\/v2\/comments?post=52"}],"version-history":[{"count":7,"href":"https:\/\/brackediakoni.se\/webbshop\/wp-json\/wp\/v2\/pages\/52\/revisions"}],"predecessor-version":[{"id":430,"href":"https:\/\/brackediakoni.se\/webbshop\/wp-json\/wp\/v2\/pages\/52\/revisions\/430"}],"wp:attachment":[{"href":"https:\/\/brackediakoni.se\/webbshop\/wp-json\/wp\/v2\/media?parent=52"}],"curies":[{"name":"wp","href":"https:\/\/api.w.org\/{rel}","templated":true}]}}