{"id":199,"date":"2024-04-05T09:39:10","date_gmt":"2024-04-05T07:39:10","guid":{"rendered":"https:\/\/brackediakoni.se\/butik\/?post_type=product&#038;p=199"},"modified":"2026-04-10T10:16:28","modified_gmt":"2026-04-10T08:16:28","slug":"beroring-i-vardagen","status":"publish","type":"product","link":"https:\/\/brackediakoni.se\/webbshop\/produkt\/beroring-i-vardagen\/","title":{"rendered":"Ber\u00f6ring i vardagen"},"content":{"rendered":"<p>&nbsp;<\/p>\n<p>&nbsp;<\/p>\n","protected":false},"excerpt":{"rendered":"<p><strong>Broschyr<\/strong><\/p>\n<p>En broschyr om oxytocin och ber\u00f6ringens betydelse f\u00f6r relationen med partnern och f\u00f6r den anh\u00f6rige sj\u00e4lv.<\/p>\n<p><a href=\"https:\/\/brackediakoni.se\/app\/uploads\/sites\/17\/2023\/10\/i-nod-och-lust-folder_forutskrift_20231031.pdf\">L\u00e4s eller ladda ner broschyren <em>Ber\u00f6ring i vardagen<\/em><\/a><\/p>\n","protected":false},"featured_media":435,"comment_status":"open","ping_status":"closed","template":"","meta":{"_acf_changed":false},"product_brand":[],"product_cat":[21],"product_tag":[],"class_list":{"0":"post-199","1":"product","2":"type-product","3":"status-publish","4":"has-post-thumbnail","6":"product_cat-i-nod-och-lust","8":"first","9":"instock","10":"taxable","11":"shipping-taxable","12":"purchasable","13":"product-type-simple"},"acf":[],"_links":{"self":[{"href":"https:\/\/brackediakoni.se\/webbshop\/wp-json\/wp\/v2\/product\/199","targetHints":{"allow":["GET"]}}],"collection":[{"href":"https:\/\/brackediakoni.se\/webbshop\/wp-json\/wp\/v2\/product"}],"about":[{"href":"https:\/\/brackediakoni.se\/webbshop\/wp-json\/wp\/v2\/types\/product"}],"replies":[{"embeddable":true,"href":"https:\/\/brackediakoni.se\/webbshop\/wp-json\/wp\/v2\/comments?post=199"}],"wp:featuredmedia":[{"embeddable":true,"href":"https:\/\/brackediakoni.se\/webbshop\/wp-json\/wp\/v2\/media\/435"}],"wp:attachment":[{"href":"https:\/\/brackediakoni.se\/webbshop\/wp-json\/wp\/v2\/media?parent=199"}],"wp:term":[{"taxonomy":"product_brand","embeddable":true,"href":"https:\/\/brackediakoni.se\/webbshop\/wp-json\/wp\/v2\/product_brand?post=199"},{"taxonomy":"product_cat","embeddable":true,"href":"https:\/\/brackediakoni.se\/webbshop\/wp-json\/wp\/v2\/product_cat?post=199"},{"taxonomy":"product_tag","embeddable":true,"href":"https:\/\/brackediakoni.se\/webbshop\/wp-json\/wp\/v2\/product_tag?post=199"}],"curies":[{"name":"wp","href":"https:\/\/api.w.org\/{rel}","templated":true}]}}