{"id":201,"date":"2024-04-05T08:42:47","date_gmt":"2024-04-05T06:42:47","guid":{"rendered":"https:\/\/brackediakoni.se\/butik\/?post_type=product&#038;p=201"},"modified":"2026-04-10T10:16:28","modified_gmt":"2026-04-10T08:16:28","slug":"handledning-vid-samtalsgrupper-for-anhoriga","status":"publish","type":"product","link":"https:\/\/brackediakoni.se\/webbshop\/produkt\/handledning-vid-samtalsgrupper-for-anhoriga\/","title":{"rendered":"Handledning vid samtalsgrupper f\u00f6r anh\u00f6riga"},"content":{"rendered":"<p><strong>Ur inneh\u00e5llet:<\/strong><br \/>\nAtt leda samtalsgrupp<br \/>\nOxytocin och ber\u00f6ring<br \/>\nF\u00f6r\u00e4ndringen<br \/>\nFlytten<br \/>\nRisken f\u00f6r v\u00e5ld, \u00f6vergrepp och kr\u00e4nkningar<br \/>\nOpratat i relation med de vuxna barnen\u00a0och v\u00e4nnerna, samt om ensamhet<br \/>\nOpratat om d\u00f6den och hur livet blev<\/p>\n<p>Antal sidor: 19<\/p>\n<p>Till handledningen finns fyra bilagor som du laddar ner och skriver ut:<\/p>\n<ul>\n<li><a href=\"http:\/\/brackediakoni.se\/app\/uploads\/sites\/17\/2023\/06\/mitt_natverk_bilaga_1.pdf\"><em>Mitt n\u00e4tverk<\/em><\/a><\/li>\n<li><em><a href=\"http:\/\/brackediakoni.se\/app\/uploads\/sites\/17\/2023\/06\/oxytocin_och_beroring_bilaga_2.pdf\">Oxytocin<\/a>\u00a0<\/em><\/li>\n<li><em><a href=\"http:\/\/brackediakoni.se\/app\/uploads\/sites\/17\/2023\/06\/beroring_i_vardagen.pdf\">Ber\u00f6ring i vardagen<\/a>\u00a0<\/em><\/li>\n<li><em><a href=\"http:\/\/brackediakoni.se\/app\/uploads\/sites\/17\/2023\/06\/opratat-ovning_bilaga_4.pdf\">Opratat &#8211; \u00f6vning<\/a><\/em><\/li>\n<\/ul>\n<p>&nbsp;<\/p>\n","protected":false},"excerpt":{"rendered":"<p><strong>Studiehandledning<\/strong><\/p>\n<p>&#8221;I n\u00f6d och lust&#8221;s handledning f\u00f6r dig som leder samtalsgruppen\/studiecirkeln f\u00f6r anh\u00f6riga. Den anv\u00e4nds tillsammans med filmerna som projektet tagit fram. <a href=\"https:\/\/brackediakoni.se\/bracke-innovation\/kunskapsprojekt\/bracke-i-nod-och-lust\/\">Filmerna hittar du p\u00e5 hemsidan.<\/a><\/p>\n<p><a href=\"https:\/\/brackediakoni.se\/app\/uploads\/sites\/17\/2023\/06\/i_nod_och_lust_-_handledning_vid_samtalsgrupp_for_anhoriga.pdf\">L\u00e4s eller ladda ner studiecirkelhandledningen f\u00f6r anh\u00f6riga<\/a><\/p>\n","protected":false},"featured_media":434,"comment_status":"open","ping_status":"closed","template":"","meta":{"_acf_changed":false},"product_brand":[],"product_cat":[21],"product_tag":[],"class_list":{"0":"post-201","1":"product","2":"type-product","3":"status-publish","4":"has-post-thumbnail","6":"product_cat-i-nod-och-lust","8":"first","9":"instock","10":"taxable","11":"shipping-taxable","12":"purchasable","13":"product-type-simple"},"acf":[],"_links":{"self":[{"href":"https:\/\/brackediakoni.se\/webbshop\/wp-json\/wp\/v2\/product\/201","targetHints":{"allow":["GET"]}}],"collection":[{"href":"https:\/\/brackediakoni.se\/webbshop\/wp-json\/wp\/v2\/product"}],"about":[{"href":"https:\/\/brackediakoni.se\/webbshop\/wp-json\/wp\/v2\/types\/product"}],"replies":[{"embeddable":true,"href":"https:\/\/brackediakoni.se\/webbshop\/wp-json\/wp\/v2\/comments?post=201"}],"wp:featuredmedia":[{"embeddable":true,"href":"https:\/\/brackediakoni.se\/webbshop\/wp-json\/wp\/v2\/media\/434"}],"wp:attachment":[{"href":"https:\/\/brackediakoni.se\/webbshop\/wp-json\/wp\/v2\/media?parent=201"}],"wp:term":[{"taxonomy":"product_brand","embeddable":true,"href":"https:\/\/brackediakoni.se\/webbshop\/wp-json\/wp\/v2\/product_brand?post=201"},{"taxonomy":"product_cat","embeddable":true,"href":"https:\/\/brackediakoni.se\/webbshop\/wp-json\/wp\/v2\/product_cat?post=201"},{"taxonomy":"product_tag","embeddable":true,"href":"https:\/\/brackediakoni.se\/webbshop\/wp-json\/wp\/v2\/product_tag?post=201"}],"curies":[{"name":"wp","href":"https:\/\/api.w.org\/{rel}","templated":true}]}}