{"id":202,"date":"2024-04-05T10:07:04","date_gmt":"2024-04-05T08:07:04","guid":{"rendered":"https:\/\/brackediakoni.se\/butik\/?post_type=product&#038;p=202"},"modified":"2026-04-10T10:16:28","modified_gmt":"2026-04-10T08:16:28","slug":"samtalsmaterial-anhorigperspektiv","status":"publish","type":"product","link":"https:\/\/brackediakoni.se\/webbshop\/produkt\/samtalsmaterial-anhorigperspektiv\/","title":{"rendered":"Samtalsmaterial, anh\u00f6rigperspektiv"},"content":{"rendered":"<p>Anh\u00f6rigperspektiv &#8211; i n\u00f6d och lust<br \/>\nDu kan med f\u00f6rdel skriva ut hela eller delar av handledningen till varje deltagare i gruppen. Handledningen anv\u00e4nds tillsammans med filmerna som projektet tagit fram. <a href=\"https:\/\/brackediakoni.se\/bracke-innovation\/kunskapsprojekt\/bracke-i-nod-och-lust\/\">Filmerna finns p\u00e5 hemsidan.<\/a><\/p>\n<p>Ur inneh\u00e5llet:<br \/>\nTill dig som leder samtalen<br \/>\nOxytocin och ber\u00f6ring<br \/>\nFlytt till s\u00e4rskilt boende<br \/>\nAnh\u00f6rig som medlevare<br \/>\nV\u00e5ld, \u00f6vergrepp och kr\u00e4nkningar<br \/>\nSv\u00e5rpratat<\/p>\n<p>Antal sidor: 23<\/p>\n","protected":false},"excerpt":{"rendered":"<p><strong>Handledning f\u00f6r personal inom \u00e4ldreomsorgen<\/strong><\/p>\n<p>F\u00f6r dig som vill h\u00e5lla samtalsgrupper f\u00f6r personal inom anh\u00f6rigperspektivet<\/p>\n<p><a href=\"http:\/\/brackediakoni.se\/app\/uploads\/sites\/17\/2023\/06\/anhorigperspektiv_i_nod_och_lust-1.pdf\">L\u00e4s eller ladda ner handledningen f\u00f6r personal inom \u00e4ldreomsorgen<\/a><\/p>\n","protected":false},"featured_media":437,"comment_status":"open","ping_status":"closed","template":"","meta":{"_acf_changed":false},"product_brand":[],"product_cat":[21],"product_tag":[],"class_list":{"0":"post-202","1":"product","2":"type-product","3":"status-publish","4":"has-post-thumbnail","6":"product_cat-i-nod-och-lust","8":"first","9":"instock","10":"taxable","11":"shipping-taxable","12":"purchasable","13":"product-type-simple"},"acf":[],"_links":{"self":[{"href":"https:\/\/brackediakoni.se\/webbshop\/wp-json\/wp\/v2\/product\/202","targetHints":{"allow":["GET"]}}],"collection":[{"href":"https:\/\/brackediakoni.se\/webbshop\/wp-json\/wp\/v2\/product"}],"about":[{"href":"https:\/\/brackediakoni.se\/webbshop\/wp-json\/wp\/v2\/types\/product"}],"replies":[{"embeddable":true,"href":"https:\/\/brackediakoni.se\/webbshop\/wp-json\/wp\/v2\/comments?post=202"}],"wp:featuredmedia":[{"embeddable":true,"href":"https:\/\/brackediakoni.se\/webbshop\/wp-json\/wp\/v2\/media\/437"}],"wp:attachment":[{"href":"https:\/\/brackediakoni.se\/webbshop\/wp-json\/wp\/v2\/media?parent=202"}],"wp:term":[{"taxonomy":"product_brand","embeddable":true,"href":"https:\/\/brackediakoni.se\/webbshop\/wp-json\/wp\/v2\/product_brand?post=202"},{"taxonomy":"product_cat","embeddable":true,"href":"https:\/\/brackediakoni.se\/webbshop\/wp-json\/wp\/v2\/product_cat?post=202"},{"taxonomy":"product_tag","embeddable":true,"href":"https:\/\/brackediakoni.se\/webbshop\/wp-json\/wp\/v2\/product_tag?post=202"}],"curies":[{"name":"wp","href":"https:\/\/api.w.org\/{rel}","templated":true}]}}