{"id":203,"date":"2024-02-22T10:08:24","date_gmt":"2024-02-22T09:08:24","guid":{"rendered":"https:\/\/brackediakoni.se\/butik\/?post_type=product&#038;p=203"},"modified":"2025-10-26T08:33:57","modified_gmt":"2025-10-26T07:33:57","slug":"livet-med-lipodem","status":"publish","type":"product","link":"https:\/\/brackediakoni.se\/webbshop\/produkt\/livet-med-lipodem\/","title":{"rendered":"Livet med Lip\u00f6dem"},"content":{"rendered":"<p>I boken ber\u00e4ttar Ren\u00e9e om sina m\u00f6ten med sex kvinnor som beskriver vardagen och livet med sjukdomen lip\u00f6dem. Om sitt lidande och hur f\u00f6raktfullt de har blivit bem\u00f6tta i v\u00e5rden. Genom att tr\u00e4da fram hoppas de och Projekt Lip\u00f6dem att fler i deras situation ska f\u00e5 hj\u00e4lp. Det finns behandling, men den n\u00e5r i dag alldeles f\u00f6r f\u00e5. Det \u00e4r en fin bok som ger en bild av hur illa det \u00e4r st\u00e4llt men ocks\u00e5 p\u00e5 ett tydligt s\u00e4tt hur det skulle kunna vara annorlunda.<\/p>\n<p><em>Ren\u00e9e H\u00f6glin, f\u00f6rfattare och journalist<\/em><br \/>\nRen\u00e9e H\u00f6glin har arbetat inom dagspress, veckotidningar och med radio och tv och har skrivit mycket om fr\u00e5gor kopplade till funktionsneds\u00e4ttning och kvinnor.<\/p>\n","protected":false},"excerpt":{"rendered":"<p><strong>F\u00f6rfattare Ren\u00e9e H\u00f6glin<\/strong><\/p>\n<p>(2020) En bok om att leva med Lip\u00f6dem<\/p>\n<p><a href=\"http:\/\/alltomlipodem.se\/wp-content\/uploads\/2022\/02\/Leva_med_lipodem_En_utmaning_var_dag.pdf\">H\u00e4r kan du l\u00e4sa eller ladda hem boken <em>Livet med Lip\u00f6dem<\/em><\/a><\/p>\n<p>&nbsp;<\/p>\n","protected":false},"featured_media":260,"comment_status":"open","ping_status":"closed","template":"","meta":{"_acf_changed":false},"product_brand":[],"product_cat":[27],"product_tag":[],"class_list":{"0":"post-203","1":"product","2":"type-product","3":"status-publish","4":"has-post-thumbnail","6":"product_cat-lipodem","8":"first","9":"instock","10":"sold-individually","11":"taxable","12":"shipping-taxable","13":"purchasable","14":"product-type-simple"},"acf":[],"_links":{"self":[{"href":"https:\/\/brackediakoni.se\/webbshop\/wp-json\/wp\/v2\/product\/203","targetHints":{"allow":["GET"]}}],"collection":[{"href":"https:\/\/brackediakoni.se\/webbshop\/wp-json\/wp\/v2\/product"}],"about":[{"href":"https:\/\/brackediakoni.se\/webbshop\/wp-json\/wp\/v2\/types\/product"}],"replies":[{"embeddable":true,"href":"https:\/\/brackediakoni.se\/webbshop\/wp-json\/wp\/v2\/comments?post=203"}],"wp:featuredmedia":[{"embeddable":true,"href":"https:\/\/brackediakoni.se\/webbshop\/wp-json\/wp\/v2\/media\/260"}],"wp:attachment":[{"href":"https:\/\/brackediakoni.se\/webbshop\/wp-json\/wp\/v2\/media?parent=203"}],"wp:term":[{"taxonomy":"product_brand","embeddable":true,"href":"https:\/\/brackediakoni.se\/webbshop\/wp-json\/wp\/v2\/product_brand?post=203"},{"taxonomy":"product_cat","embeddable":true,"href":"https:\/\/brackediakoni.se\/webbshop\/wp-json\/wp\/v2\/product_cat?post=203"},{"taxonomy":"product_tag","embeddable":true,"href":"https:\/\/brackediakoni.se\/webbshop\/wp-json\/wp\/v2\/product_tag?post=203"}],"curies":[{"name":"wp","href":"https:\/\/api.w.org\/{rel}","templated":true}]}}