{"id":207,"date":"2024-04-05T10:24:31","date_gmt":"2024-04-05T08:24:31","guid":{"rendered":"https:\/\/brackediakoni.se\/butik\/?post_type=product&#038;p=207"},"modified":"2026-03-19T09:55:03","modified_gmt":"2026-03-19T08:55:03","slug":"tilliten","status":"publish","type":"product","link":"https:\/\/brackediakoni.se\/webbshop\/produkt\/tilliten\/","title":{"rendered":"TilLiten"},"content":{"rendered":"<p>TilLiten &#8211; en \u00f6ppen f\u00f6rskola f\u00f6r familjer med barn med funktionsneds\u00e4ttningar, f\u00f6renad utveckling eller sjukdom som kr\u00e4ver anpassningar i livet.<\/p>\n<p><a href=\"https:\/\/brackediakoni.se\/app\/uploads\/sites\/39\/2023\/06\/flyer_tilliten_.pdf\">H\u00e4r kan du l\u00e4sa eller ladda ner en flyer om TilLiten<\/a><\/p>\n","protected":false},"excerpt":{"rendered":"<p><strong>Broschyr <\/strong><\/p>\n<p>En broschyr om <em>TilLiten<\/em> &#8211; en \u00f6ppen f\u00f6rskola f\u00f6r familjer med barn med funktionsneds\u00e4ttningar.<\/p>\n<p><a href=\"https:\/\/brackediakoni.se\/app\/uploads\/sites\/39\/2023\/06\/om_oppna_forskolan_tilliten.pdf\">L\u00e4s eller ladda ner broschyren om <em>TilLiten<\/em><\/a><\/p>\n<p>&nbsp;<\/p>\n","protected":false},"featured_media":269,"comment_status":"open","ping_status":"closed","template":"","meta":{"_acf_changed":false},"product_brand":[],"product_cat":[25],"product_tag":[],"class_list":{"0":"post-207","1":"product","2":"type-product","3":"status-publish","4":"has-post-thumbnail","6":"product_cat-tilliten","8":"first","9":"instock","10":"taxable","11":"shipping-taxable","12":"purchasable","13":"product-type-simple"},"acf":[],"_links":{"self":[{"href":"https:\/\/brackediakoni.se\/webbshop\/wp-json\/wp\/v2\/product\/207","targetHints":{"allow":["GET"]}}],"collection":[{"href":"https:\/\/brackediakoni.se\/webbshop\/wp-json\/wp\/v2\/product"}],"about":[{"href":"https:\/\/brackediakoni.se\/webbshop\/wp-json\/wp\/v2\/types\/product"}],"replies":[{"embeddable":true,"href":"https:\/\/brackediakoni.se\/webbshop\/wp-json\/wp\/v2\/comments?post=207"}],"wp:featuredmedia":[{"embeddable":true,"href":"https:\/\/brackediakoni.se\/webbshop\/wp-json\/wp\/v2\/media\/269"}],"wp:attachment":[{"href":"https:\/\/brackediakoni.se\/webbshop\/wp-json\/wp\/v2\/media?parent=207"}],"wp:term":[{"taxonomy":"product_brand","embeddable":true,"href":"https:\/\/brackediakoni.se\/webbshop\/wp-json\/wp\/v2\/product_brand?post=207"},{"taxonomy":"product_cat","embeddable":true,"href":"https:\/\/brackediakoni.se\/webbshop\/wp-json\/wp\/v2\/product_cat?post=207"},{"taxonomy":"product_tag","embeddable":true,"href":"https:\/\/brackediakoni.se\/webbshop\/wp-json\/wp\/v2\/product_tag?post=207"}],"curies":[{"name":"wp","href":"https:\/\/api.w.org\/{rel}","templated":true}]}}