{"id":216,"date":"2024-04-05T11:55:30","date_gmt":"2024-04-05T09:55:30","guid":{"rendered":"https:\/\/brackediakoni.se\/butik\/?post_type=product&#038;p=216"},"modified":"2026-04-16T09:39:25","modified_gmt":"2026-04-16T07:39:25","slug":"du-ar-inte-ensam","status":"publish","type":"product","link":"https:\/\/brackediakoni.se\/webbshop\/produkt\/du-ar-inte-ensam\/","title":{"rendered":"Du \u00e4r inte ensam &#8211; bok"},"content":{"rendered":"<p>Med den h\u00e4r boken vill vi underl\u00e4tta genom att ge information om n\u00e5gra av de lagar som reglerar v\u00e5rd och omsorg. I boken f\u00e5r du ocks\u00e5 m\u00f6ta anh\u00f6riga som ber\u00e4ttar om sina erfarenheter.<\/p>\n","protected":false},"excerpt":{"rendered":"<p><strong>Bok<\/strong><\/p>\n<p>Information och v\u00e4gledning till dig som st\u00f6ttar n\u00e5gon med psykisk oh\u00e4lsa.<\/p>\n<p><a href=\"https:\/\/brackediakoni.se\/app\/uploads\/sites\/17\/2023\/06\/vagledning_och_information.pdf\">L\u00e4s eller ladda ner boken\/v\u00e4gledningen <em>Du \u00e4r inte ensam<\/em> <\/a><\/p>\n<p>Antal sidor: 64<\/p>\n<p>&nbsp;<\/p>\n","protected":false},"featured_media":271,"comment_status":"open","ping_status":"closed","template":"","meta":{"_acf_changed":false},"product_brand":[],"product_cat":[24],"product_tag":[],"class_list":{"0":"post-216","1":"product","2":"type-product","3":"status-publish","4":"has-post-thumbnail","6":"product_cat-trialog","8":"first","9":"instock","10":"taxable","11":"shipping-taxable","12":"purchasable","13":"product-type-simple"},"acf":[],"_links":{"self":[{"href":"https:\/\/brackediakoni.se\/webbshop\/wp-json\/wp\/v2\/product\/216","targetHints":{"allow":["GET"]}}],"collection":[{"href":"https:\/\/brackediakoni.se\/webbshop\/wp-json\/wp\/v2\/product"}],"about":[{"href":"https:\/\/brackediakoni.se\/webbshop\/wp-json\/wp\/v2\/types\/product"}],"replies":[{"embeddable":true,"href":"https:\/\/brackediakoni.se\/webbshop\/wp-json\/wp\/v2\/comments?post=216"}],"wp:featuredmedia":[{"embeddable":true,"href":"https:\/\/brackediakoni.se\/webbshop\/wp-json\/wp\/v2\/media\/271"}],"wp:attachment":[{"href":"https:\/\/brackediakoni.se\/webbshop\/wp-json\/wp\/v2\/media?parent=216"}],"wp:term":[{"taxonomy":"product_brand","embeddable":true,"href":"https:\/\/brackediakoni.se\/webbshop\/wp-json\/wp\/v2\/product_brand?post=216"},{"taxonomy":"product_cat","embeddable":true,"href":"https:\/\/brackediakoni.se\/webbshop\/wp-json\/wp\/v2\/product_cat?post=216"},{"taxonomy":"product_tag","embeddable":true,"href":"https:\/\/brackediakoni.se\/webbshop\/wp-json\/wp\/v2\/product_tag?post=216"}],"curies":[{"name":"wp","href":"https:\/\/api.w.org\/{rel}","templated":true}]}}