{"id":219,"date":"2024-04-05T09:09:56","date_gmt":"2024-04-05T07:09:56","guid":{"rendered":"https:\/\/brackediakoni.se\/butik\/?post_type=product&#038;p=219"},"modified":"2026-02-25T14:41:34","modified_gmt":"2026-02-25T13:41:34","slug":"fokus-pa-mig-vuxensyskon","status":"publish","type":"product","link":"https:\/\/brackediakoni.se\/webbshop\/produkt\/fokus-pa-mig-vuxensyskon\/","title":{"rendered":"Fokus p\u00e5 mig, Vuxensyskon"},"content":{"rendered":"<p>Samtalsmaterialet \u00e4r till f\u00f6r dig som \u00e4r syskon till n\u00e5gon med funktionsneds\u00e4ttning eller sjukdom. H\u00e4r finns ber\u00e4ttelser, teman, \u00f6vningar och fr\u00e5gor d\u00e4r f\u00f6rhoppningen \u00e4r att ge igenk\u00e4nning, hopp och f\u00f6rst\u00e5else f\u00f6r sig sj\u00e4lv.<\/p>\n<p>F\u00f6rhoppningen \u00e4r att\u00a0&#8221;Fokus p\u00e5 mig, Vuxensyskon&#8221; kommer att anv\u00e4ndas som utg\u00e5ngspunkt f\u00f6r samtal och reflektion.\u00a0Du kan g\u00f6ra det p\u00e5 egen hand men det kan vara sk\u00f6nt att g\u00f6ra det tillsammans med andra. Det kan exempelvis ske genom kommunens anh\u00f6rigst\u00f6d, i en studiecirkel eller i en anh\u00f6rigf\u00f6rening.<\/p>\n<p>&nbsp;<\/p>\n","protected":false},"excerpt":{"rendered":"<p><strong>Samtalsmaterial<\/strong><\/p>\n<p>Projektet Vuxensyskon har skapat ett samtalsmaterial f\u00f6r dig som \u00e4r syskon till n\u00e5gon med funktionsneds\u00e4ttning eller sjukdom. H\u00e4r finns ber\u00e4ttelser, teman, \u00f6vningar och fr\u00e5gor d\u00e4r f\u00f6rhoppningen \u00e4r att ge igenk\u00e4nning, hopp och f\u00f6rst\u00e5else f\u00f6r sig sj\u00e4lv.<\/p>\n<p><a href=\"https:\/\/brackediakoni.se\/app\/uploads\/sites\/17\/2023\/06\/samtalsmaterial_fokus_pa_mig_vuxensyskon.pdf\">L\u00e4s eller ladda ner samtalsmaterialet<em> &#8221;Fokus p\u00e5 mig, Vuxensyskon&#8221;<\/em><\/a><\/p>\n<p>&nbsp;<\/p>\n","protected":false},"featured_media":263,"comment_status":"open","ping_status":"closed","template":"","meta":{"_acf_changed":false},"product_brand":[],"product_cat":[28],"product_tag":[],"class_list":{"0":"post-219","1":"product","2":"type-product","3":"status-publish","4":"has-post-thumbnail","6":"product_cat-vuxensyskon","8":"first","9":"instock","10":"taxable","11":"shipping-taxable","12":"purchasable","13":"product-type-simple"},"acf":[],"_links":{"self":[{"href":"https:\/\/brackediakoni.se\/webbshop\/wp-json\/wp\/v2\/product\/219","targetHints":{"allow":["GET"]}}],"collection":[{"href":"https:\/\/brackediakoni.se\/webbshop\/wp-json\/wp\/v2\/product"}],"about":[{"href":"https:\/\/brackediakoni.se\/webbshop\/wp-json\/wp\/v2\/types\/product"}],"replies":[{"embeddable":true,"href":"https:\/\/brackediakoni.se\/webbshop\/wp-json\/wp\/v2\/comments?post=219"}],"wp:featuredmedia":[{"embeddable":true,"href":"https:\/\/brackediakoni.se\/webbshop\/wp-json\/wp\/v2\/media\/263"}],"wp:attachment":[{"href":"https:\/\/brackediakoni.se\/webbshop\/wp-json\/wp\/v2\/media?parent=219"}],"wp:term":[{"taxonomy":"product_brand","embeddable":true,"href":"https:\/\/brackediakoni.se\/webbshop\/wp-json\/wp\/v2\/product_brand?post=219"},{"taxonomy":"product_cat","embeddable":true,"href":"https:\/\/brackediakoni.se\/webbshop\/wp-json\/wp\/v2\/product_cat?post=219"},{"taxonomy":"product_tag","embeddable":true,"href":"https:\/\/brackediakoni.se\/webbshop\/wp-json\/wp\/v2\/product_tag?post=219"}],"curies":[{"name":"wp","href":"https:\/\/api.w.org\/{rel}","templated":true}]}}