{"id":226,"date":"2024-02-22T10:19:26","date_gmt":"2024-02-22T09:19:26","guid":{"rendered":"https:\/\/brackediakoni.se\/butik\/?post_type=product&#038;p=226"},"modified":"2026-03-12T09:26:24","modified_gmt":"2026-03-12T08:26:24","slug":"till-dig-som-moter-foraldrar-med-psykisk-ohalsa-eller-npf","status":"publish","type":"product","link":"https:\/\/brackediakoni.se\/webbshop\/produkt\/till-dig-som-moter-foraldrar-med-psykisk-ohalsa-eller-npf\/","title":{"rendered":"Till dig som m\u00f6ter f\u00f6r\u00e4ldrar med psykisk oh\u00e4lsa eller NPF"},"content":{"rendered":"<p>Boken best\u00e5r av tre delar.<\/p>\n<p>Del 1. <strong>Vara f\u00f6r\u00e4lder.<\/strong> Hur kan det vara att vara f\u00f6r\u00e4lder med psykisk oh\u00e4lsa eller NPF?<br \/>\nDel 2. <strong>Bem\u00f6tande.<\/strong> Vad ska man t\u00e4nka p\u00e5 n\u00e4r man m\u00f6ter f\u00f6r\u00e4ldrar med psykisk oh\u00e4lsa eller NPF? (enligt f\u00f6r\u00e4ldrarna sj\u00e4lva)<br \/>\nDel 3.<strong> Inspiration.\u00a0<\/strong>Hitta inspiration fr\u00e5n andra verksamheter och f\u00f6r\u00e4ldrarnas erfarenheter.<\/p>\n<p>Antal sidor: 36<\/p>\n","protected":false},"excerpt":{"rendered":"<p><strong>Handbok<\/strong><\/p>\n<p>Handboken vill inspirera dig som m\u00f6ter f\u00f6r\u00e4ldrar med psykisk oh\u00e4lsa eller NPF.<\/p>\n<p>Den \u00e4r intressant oavsett i vilket sammanhang du m\u00f6ter f\u00f6r\u00e4ldrarna. Handboken grundar sig till stor del p\u00e5 f\u00f6r\u00e4ldrars erfarenheter och tankar.<\/p>\n","protected":false},"featured_media":270,"comment_status":"open","ping_status":"closed","template":"","meta":{"_acf_changed":false},"product_brand":[],"product_cat":[22],"product_tag":[],"class_list":{"0":"post-226","1":"product","2":"type-product","3":"status-publish","4":"has-post-thumbnail","6":"product_cat-trygghet-ur-stod","8":"first","9":"instock","10":"taxable","11":"shipping-taxable","12":"purchasable","13":"product-type-simple"},"acf":[],"_links":{"self":[{"href":"https:\/\/brackediakoni.se\/webbshop\/wp-json\/wp\/v2\/product\/226","targetHints":{"allow":["GET"]}}],"collection":[{"href":"https:\/\/brackediakoni.se\/webbshop\/wp-json\/wp\/v2\/product"}],"about":[{"href":"https:\/\/brackediakoni.se\/webbshop\/wp-json\/wp\/v2\/types\/product"}],"replies":[{"embeddable":true,"href":"https:\/\/brackediakoni.se\/webbshop\/wp-json\/wp\/v2\/comments?post=226"}],"wp:featuredmedia":[{"embeddable":true,"href":"https:\/\/brackediakoni.se\/webbshop\/wp-json\/wp\/v2\/media\/270"}],"wp:attachment":[{"href":"https:\/\/brackediakoni.se\/webbshop\/wp-json\/wp\/v2\/media?parent=226"}],"wp:term":[{"taxonomy":"product_brand","embeddable":true,"href":"https:\/\/brackediakoni.se\/webbshop\/wp-json\/wp\/v2\/product_brand?post=226"},{"taxonomy":"product_cat","embeddable":true,"href":"https:\/\/brackediakoni.se\/webbshop\/wp-json\/wp\/v2\/product_cat?post=226"},{"taxonomy":"product_tag","embeddable":true,"href":"https:\/\/brackediakoni.se\/webbshop\/wp-json\/wp\/v2\/product_tag?post=226"}],"curies":[{"name":"wp","href":"https:\/\/api.w.org\/{rel}","templated":true}]}}