{"id":230,"date":"2024-04-05T10:00:49","date_gmt":"2024-04-05T08:00:49","guid":{"rendered":"https:\/\/brackediakoni.se\/butik\/?post_type=product&#038;p=230"},"modified":"2025-12-25T00:17:36","modified_gmt":"2025-12-24T23:17:36","slug":"samtala-mer","status":"publish","type":"product","link":"https:\/\/brackediakoni.se\/webbshop\/produkt\/samtala-mer\/","title":{"rendered":"Samtala mer"},"content":{"rendered":"","protected":false},"excerpt":{"rendered":"<p><strong>Kamratcirkel<\/strong><\/p>\n<p>Samtala mer \u00e4r en kamratcirkel f\u00f6r de f\u00f6r\u00e4ldrar som vill forts\u00e4tta samtalen efter studiecirkeln &#8221;Trygghet Ur St\u00f6d&#8221;.<\/p>\n<p>Du best\u00e4ller eller skriver ut en <em>Samtala mer<\/em> till varje deltagare.<\/p>\n<p><a href=\"http:\/\/brackediakoni.se\/app\/uploads\/sites\/55\/2023\/08\/trust_samtala_mer_150dpi.pdf\">L\u00e4s eller ladda ner kamratcirkeln <em>Samtala mer<\/em><\/a><\/p>\n<p>Antal sidor: 16<\/p>\n","protected":false},"featured_media":197,"comment_status":"open","ping_status":"closed","template":"","meta":{"_acf_changed":false},"product_brand":[],"product_cat":[22],"product_tag":[],"class_list":{"0":"post-230","1":"product","2":"type-product","3":"status-publish","4":"has-post-thumbnail","6":"product_cat-trygghet-ur-stod","8":"first","9":"instock","10":"taxable","11":"shipping-taxable","12":"purchasable","13":"product-type-simple"},"acf":[],"_links":{"self":[{"href":"https:\/\/brackediakoni.se\/webbshop\/wp-json\/wp\/v2\/product\/230","targetHints":{"allow":["GET"]}}],"collection":[{"href":"https:\/\/brackediakoni.se\/webbshop\/wp-json\/wp\/v2\/product"}],"about":[{"href":"https:\/\/brackediakoni.se\/webbshop\/wp-json\/wp\/v2\/types\/product"}],"replies":[{"embeddable":true,"href":"https:\/\/brackediakoni.se\/webbshop\/wp-json\/wp\/v2\/comments?post=230"}],"wp:featuredmedia":[{"embeddable":true,"href":"https:\/\/brackediakoni.se\/webbshop\/wp-json\/wp\/v2\/media\/197"}],"wp:attachment":[{"href":"https:\/\/brackediakoni.se\/webbshop\/wp-json\/wp\/v2\/media?parent=230"}],"wp:term":[{"taxonomy":"product_brand","embeddable":true,"href":"https:\/\/brackediakoni.se\/webbshop\/wp-json\/wp\/v2\/product_brand?post=230"},{"taxonomy":"product_cat","embeddable":true,"href":"https:\/\/brackediakoni.se\/webbshop\/wp-json\/wp\/v2\/product_cat?post=230"},{"taxonomy":"product_tag","embeddable":true,"href":"https:\/\/brackediakoni.se\/webbshop\/wp-json\/wp\/v2\/product_tag?post=230"}],"curies":[{"name":"wp","href":"https:\/\/api.w.org\/{rel}","templated":true}]}}