{"id":232,"date":"2024-04-05T10:03:37","date_gmt":"2024-04-05T08:03:37","guid":{"rendered":"https:\/\/brackediakoni.se\/butik\/?post_type=product&#038;p=232"},"modified":"2026-03-31T11:09:46","modified_gmt":"2026-03-31T09:09:46","slug":"trygghet-ur-stod-studiehafte","status":"publish","type":"product","link":"https:\/\/brackediakoni.se\/webbshop\/produkt\/trygghet-ur-stod-studiehafte\/","title":{"rendered":"Trygghet Ur St\u00f6d &#8211; studieh\u00e4fte"},"content":{"rendered":"<p>Studieh\u00e4fte till studiecirkeln &#8221;<em>Trygghet Ur St\u00f6d<\/em>&#8221; &#8211; f\u00f6r f\u00f6r\u00e4ldrar med psykisk oh\u00e4lsa eller NPF inneh\u00e5ller:<\/p>\n<ul>\n<li>Texter om\u00a0<em>Trygghet Ur St\u00f6d<\/em>s olika teman<\/li>\n<li>Samtalsfr\u00e5gor f\u00f6r egna tankar och f\u00f6r\u00a0samtal under studiecirkeln<\/li>\n<li>\u00d6vningar<\/li>\n<li>Hemuppgifter<\/li>\n<\/ul>\n<p>Projekt TrUSt vill<strong>\u00a0st\u00e4rka personer med psykisk oh\u00e4lsa eller NPF i sitt f\u00f6r\u00e4ldraskap.<\/strong>\u00a0I samarbete med f\u00f6r\u00e4ldrar med egen erfarenhet har projektet tagit fram studiecirkeln och webbutbildningen\u00a0<em>Trygghet Ur St\u00f6d<\/em>.<\/p>\n<p><a href=\"http:\/\/www.brackediakoni.se\/trust\" data-cke-saved-href=\"http:\/\/www.brackediakoni.se\/trust\">H\u00e4r kan du l\u00e4sa mer om projektet och studiecirkeln<em> &#8221;Trygghet Ur St\u00f6d&#8221;<\/em><\/a><\/p>\n","protected":false},"excerpt":{"rendered":"<p><strong>Studieh\u00e4fte<\/strong><\/p>\n<p>Studieh\u00e4fte till studiecirkeln &#8221;<em>Trygghet Ur St\u00f6d<\/em>&#8221; &#8211; f\u00f6r f\u00f6r\u00e4ldrar med psykisk oh\u00e4lsa eller NPF.<\/p>\n<p>Du laddar hem eller best\u00e4ller ett h\u00e4fte till varje deltagare i studiecirkeln. Studieh\u00e4ften best\u00e4lls tillsammans med <a href=\"http:\/\/brackediakoni.se\/app\/uploads\/sites\/54\/2025\/03\/Bracke_Studiehandledning_2025.pdf\">studiehandledningen f\u00f6r studiecirkelledare<\/a>.<\/p>\n<p>Antal sidor: 88<\/p>\n<p><a href=\"http:\/\/brackediakoni.se\/app\/uploads\/sites\/54\/2025\/03\/Bracke_Studiehafte_2025-komprimerad.pdf\">L\u00e4s eller ladda ner studieh\u00e4ftet <em>Trygghet Ur St\u00f6d<\/em><\/a><\/p>\n","protected":false},"featured_media":404,"comment_status":"open","ping_status":"closed","template":"","meta":{"_acf_changed":false},"product_brand":[],"product_cat":[22],"product_tag":[],"class_list":{"0":"post-232","1":"product","2":"type-product","3":"status-publish","4":"has-post-thumbnail","6":"product_cat-trygghet-ur-stod","8":"first","9":"instock","10":"taxable","11":"shipping-taxable","12":"purchasable","13":"product-type-simple"},"acf":[],"_links":{"self":[{"href":"https:\/\/brackediakoni.se\/webbshop\/wp-json\/wp\/v2\/product\/232","targetHints":{"allow":["GET"]}}],"collection":[{"href":"https:\/\/brackediakoni.se\/webbshop\/wp-json\/wp\/v2\/product"}],"about":[{"href":"https:\/\/brackediakoni.se\/webbshop\/wp-json\/wp\/v2\/types\/product"}],"replies":[{"embeddable":true,"href":"https:\/\/brackediakoni.se\/webbshop\/wp-json\/wp\/v2\/comments?post=232"}],"wp:featuredmedia":[{"embeddable":true,"href":"https:\/\/brackediakoni.se\/webbshop\/wp-json\/wp\/v2\/media\/404"}],"wp:attachment":[{"href":"https:\/\/brackediakoni.se\/webbshop\/wp-json\/wp\/v2\/media?parent=232"}],"wp:term":[{"taxonomy":"product_brand","embeddable":true,"href":"https:\/\/brackediakoni.se\/webbshop\/wp-json\/wp\/v2\/product_brand?post=232"},{"taxonomy":"product_cat","embeddable":true,"href":"https:\/\/brackediakoni.se\/webbshop\/wp-json\/wp\/v2\/product_cat?post=232"},{"taxonomy":"product_tag","embeddable":true,"href":"https:\/\/brackediakoni.se\/webbshop\/wp-json\/wp\/v2\/product_tag?post=232"}],"curies":[{"name":"wp","href":"https:\/\/api.w.org\/{rel}","templated":true}]}}