{"id":274,"date":"2024-04-08T15:36:56","date_gmt":"2024-04-08T13:36:56","guid":{"rendered":"https:\/\/brackediakoni.se\/butik\/?post_type=product&#038;p=274"},"modified":"2026-01-27T19:12:34","modified_gmt":"2026-01-27T18:12:34","slug":"274","status":"publish","type":"product","link":"https:\/\/brackediakoni.se\/webbshop\/produkt\/274\/","title":{"rendered":"Du \u00e4r inte ensam &#8211; studiecirkel"},"content":{"rendered":"<p>Studiecirkeln har fokus p\u00e5 det som kan vara viktigt att k\u00e4nna till\u00a0f\u00f6r dig som anh\u00f6rig. Studiecirkeln bygger p\u00e5 v\u00e4gledningen\u00a0<a href=\"https:\/\/brackediakoni.se\/butik\/produkt\/du-ar-inte-ensam\/\" data-cke-saved-href=\"https:\/\/bracke.storedo.com\/p\/trialog---bok---du-ar-inte-ensam\"><em>Du \u00e4r inte ensam<\/em>.<\/a><\/p>\n<p>&#8221;Du \u00e4r inte ensam&#8221; kan anv\u00e4ndas i grupp eller som utg\u00e5ngspunkt f\u00f6r enskilda samtal.<\/p>\n<p>&nbsp;<\/p>\n","protected":false},"excerpt":{"rendered":"<p><strong>Studiecirkelmaterial<\/strong><\/p>\n<p>Studiecirkel f\u00f6r dig som st\u00f6ttar n\u00e5gon med psykisk oh\u00e4lsa.<\/p>\n<p><a href=\"https:\/\/brackediakoni.se\/app\/uploads\/sites\/17\/2023\/06\/studiecirkel.pdf\">L\u00e4s eller ladda ner studiecirkelmaterialet <em>Du \u00e4r inte ensam<\/em><\/a><\/p>\n<p>Antal sidor: 35<\/p>\n","protected":false},"featured_media":273,"comment_status":"open","ping_status":"closed","template":"","meta":{"_acf_changed":false},"product_brand":[],"product_cat":[24],"product_tag":[],"class_list":{"0":"post-274","1":"product","2":"type-product","3":"status-publish","4":"has-post-thumbnail","6":"product_cat-trialog","8":"first","9":"instock","10":"taxable","11":"shipping-taxable","12":"purchasable","13":"product-type-simple"},"acf":[],"_links":{"self":[{"href":"https:\/\/brackediakoni.se\/webbshop\/wp-json\/wp\/v2\/product\/274","targetHints":{"allow":["GET"]}}],"collection":[{"href":"https:\/\/brackediakoni.se\/webbshop\/wp-json\/wp\/v2\/product"}],"about":[{"href":"https:\/\/brackediakoni.se\/webbshop\/wp-json\/wp\/v2\/types\/product"}],"replies":[{"embeddable":true,"href":"https:\/\/brackediakoni.se\/webbshop\/wp-json\/wp\/v2\/comments?post=274"}],"wp:featuredmedia":[{"embeddable":true,"href":"https:\/\/brackediakoni.se\/webbshop\/wp-json\/wp\/v2\/media\/273"}],"wp:attachment":[{"href":"https:\/\/brackediakoni.se\/webbshop\/wp-json\/wp\/v2\/media?parent=274"}],"wp:term":[{"taxonomy":"product_brand","embeddable":true,"href":"https:\/\/brackediakoni.se\/webbshop\/wp-json\/wp\/v2\/product_brand?post=274"},{"taxonomy":"product_cat","embeddable":true,"href":"https:\/\/brackediakoni.se\/webbshop\/wp-json\/wp\/v2\/product_cat?post=274"},{"taxonomy":"product_tag","embeddable":true,"href":"https:\/\/brackediakoni.se\/webbshop\/wp-json\/wp\/v2\/product_tag?post=274"}],"curies":[{"name":"wp","href":"https:\/\/api.w.org\/{rel}","templated":true}]}}