{"id":279,"date":"2024-04-08T16:06:01","date_gmt":"2024-04-08T14:06:01","guid":{"rendered":"https:\/\/brackediakoni.se\/butik\/?post_type=product&#038;p=279"},"modified":"2026-04-16T09:39:25","modified_gmt":"2026-04-16T07:39:25","slug":"du-ar-inte-ensam-samtalsserie","status":"publish","type":"product","link":"https:\/\/brackediakoni.se\/webbshop\/produkt\/du-ar-inte-ensam-samtalsserie\/","title":{"rendered":"Du \u00e4r inte ensam &#8211; samtalsserie"},"content":{"rendered":"<p><strong>Du \u00e4r inte ensam &#8211; samtalsserie<\/strong><\/p>\n<p>F\u00f6r dig som vill dela tankar och erfarenheter som r\u00f6r dig sj\u00e4lv<br \/>\noch hur du f\u00f6rh\u00e5ller dig till livet och den situation du befinner<br \/>\ndig i finns en samtalsserie.<\/p>\n<p>Materialet kan med f\u00f6rdel anv\u00e4ndas\u00a0i grupp. Det kan ocks\u00e5<br \/>\nanv\u00e4ndas i individuella samtal med en anh\u00f6rigkonsulent,<br \/>\ndiakon eller kurator.<\/p>\n<p>Samtalsserien ber\u00f6r f\u00f6ljande omr\u00e5den:<br \/>\n\u2022 Hur det hela b\u00f6rjade<br \/>\n\u2022 Roller och relationer<br \/>\n\u2022 Ansvar, skuld och skam<br \/>\n\u2022 Anpassning och gr\u00e4nss\u00e4ttning<br \/>\n\u2022 Sorg<br \/>\n\u2022 Acceptans och p\u00e5fyllning<\/p>\n","protected":false},"excerpt":{"rendered":"<p><strong>Samtalsserie<\/strong><\/p>\n<p>Underlag f\u00f6r samtal i grupp eller enskilt<\/p>\n<p><a href=\"https:\/\/brackediakoni.se\/app\/uploads\/sites\/17\/2023\/06\/samtalsserie.pdf\">L\u00e4s eller ladda ner samtalsserien <em>Du \u00e4r inte ensam<\/em><\/a><\/p>\n<p>Antal sidor: 19<\/p>\n","protected":false},"featured_media":278,"comment_status":"open","ping_status":"closed","template":"","meta":{"_acf_changed":false},"product_brand":[],"product_cat":[24],"product_tag":[],"class_list":{"0":"post-279","1":"product","2":"type-product","3":"status-publish","4":"has-post-thumbnail","6":"product_cat-trialog","8":"first","9":"instock","10":"taxable","11":"shipping-taxable","12":"purchasable","13":"product-type-simple"},"acf":[],"_links":{"self":[{"href":"https:\/\/brackediakoni.se\/webbshop\/wp-json\/wp\/v2\/product\/279","targetHints":{"allow":["GET"]}}],"collection":[{"href":"https:\/\/brackediakoni.se\/webbshop\/wp-json\/wp\/v2\/product"}],"about":[{"href":"https:\/\/brackediakoni.se\/webbshop\/wp-json\/wp\/v2\/types\/product"}],"replies":[{"embeddable":true,"href":"https:\/\/brackediakoni.se\/webbshop\/wp-json\/wp\/v2\/comments?post=279"}],"wp:featuredmedia":[{"embeddable":true,"href":"https:\/\/brackediakoni.se\/webbshop\/wp-json\/wp\/v2\/media\/278"}],"wp:attachment":[{"href":"https:\/\/brackediakoni.se\/webbshop\/wp-json\/wp\/v2\/media?parent=279"}],"wp:term":[{"taxonomy":"product_brand","embeddable":true,"href":"https:\/\/brackediakoni.se\/webbshop\/wp-json\/wp\/v2\/product_brand?post=279"},{"taxonomy":"product_cat","embeddable":true,"href":"https:\/\/brackediakoni.se\/webbshop\/wp-json\/wp\/v2\/product_cat?post=279"},{"taxonomy":"product_tag","embeddable":true,"href":"https:\/\/brackediakoni.se\/webbshop\/wp-json\/wp\/v2\/product_tag?post=279"}],"curies":[{"name":"wp","href":"https:\/\/api.w.org\/{rel}","templated":true}]}}