{"id":290,"date":"2024-04-09T14:58:39","date_gmt":"2024-04-09T12:58:39","guid":{"rendered":"https:\/\/brackediakoni.se\/butik\/?post_type=product&#038;p=290"},"modified":"2025-03-18T10:52:44","modified_gmt":"2025-03-18T09:52:44","slug":"visitkort-webbutbildningen-trygghet-ur-stod","status":"publish","type":"product","link":"https:\/\/brackediakoni.se\/webbshop\/produkt\/visitkort-webbutbildningen-trygghet-ur-stod\/","title":{"rendered":"Visitkort Trygghet Ur St\u00f6d"},"content":{"rendered":"","protected":false},"excerpt":{"rendered":"<p><strong>Visitkort om webbutbildningen<\/strong><\/p>\n<p>Visitkort f\u00f6r att tipsa f\u00f6r\u00e4ldrar om att webbutbildningen finns. Visitkortet \u00e4r bra att l\u00e4gga i v\u00e4ntrum eller att l\u00e4mna direkt till intresserade f\u00f6r\u00e4ldrar.<\/p>\n<p>P\u00e5 visitkortet finns en QR-kod och l\u00e4nk till webbutbildningen.<\/p>\n<p><a href=\"https:\/\/brackediakoni.se\/trust\/webbutbildningen-trygghet-ur-stod\/\">H\u00e4r kan du l\u00e4sa mer om webbutbildningen <em>Trygghet Ur St\u00f6d.<\/em><\/a><\/p>\n<p>1 paket inneh\u00e5ller 50 visitkort<\/p>\n","protected":false},"featured_media":291,"comment_status":"open","ping_status":"closed","template":"","meta":{"_acf_changed":false},"product_brand":[],"product_cat":[22],"product_tag":[],"class_list":{"0":"post-290","1":"product","2":"type-product","3":"status-publish","4":"has-post-thumbnail","6":"product_cat-trygghet-ur-stod","8":"first","9":"instock","10":"taxable","11":"shipping-taxable","12":"purchasable","13":"product-type-simple"},"acf":[],"_links":{"self":[{"href":"https:\/\/brackediakoni.se\/webbshop\/wp-json\/wp\/v2\/product\/290","targetHints":{"allow":["GET"]}}],"collection":[{"href":"https:\/\/brackediakoni.se\/webbshop\/wp-json\/wp\/v2\/product"}],"about":[{"href":"https:\/\/brackediakoni.se\/webbshop\/wp-json\/wp\/v2\/types\/product"}],"replies":[{"embeddable":true,"href":"https:\/\/brackediakoni.se\/webbshop\/wp-json\/wp\/v2\/comments?post=290"}],"wp:featuredmedia":[{"embeddable":true,"href":"https:\/\/brackediakoni.se\/webbshop\/wp-json\/wp\/v2\/media\/291"}],"wp:attachment":[{"href":"https:\/\/brackediakoni.se\/webbshop\/wp-json\/wp\/v2\/media?parent=290"}],"wp:term":[{"taxonomy":"product_brand","embeddable":true,"href":"https:\/\/brackediakoni.se\/webbshop\/wp-json\/wp\/v2\/product_brand?post=290"},{"taxonomy":"product_cat","embeddable":true,"href":"https:\/\/brackediakoni.se\/webbshop\/wp-json\/wp\/v2\/product_cat?post=290"},{"taxonomy":"product_tag","embeddable":true,"href":"https:\/\/brackediakoni.se\/webbshop\/wp-json\/wp\/v2\/product_tag?post=290"}],"curies":[{"name":"wp","href":"https:\/\/api.w.org\/{rel}","templated":true}]}}